{"id":12,"date":"2021-11-25T16:58:45","date_gmt":"2021-11-25T16:58:45","guid":{"rendered":"http:\/\/advancecolombiaaci.com\/index.php\/colibri-wp\/"},"modified":"2023-12-11T05:59:57","modified_gmt":"2023-12-11T05:59:57","slug":"colibri-wp","status":"publish","type":"page","link":"https:\/\/advancecolombiaaci.com\/","title":{"rendered":"Front Page"},"content":{"rendered":"\n<div class=\"wp-block-nextend-smartslider3\"><\/div>\n\n\n\n<div class=\"wp-block-columns\">\n<div class=\"wp-block-column\">\n<hr class=\"wp-block-separator alignwide\"\/>\n\n\n\n<p><\/p>\n<\/div>\n<\/div>\n\n\n\n<div class=\"wp-block-columns\">\n<div class=\"wp-block-column\">\n<h3 class=\"alignwide has-text-align-center has-text-color\" style=\"color:#035272\">Asesor\u00eda Especializada<\/h3>\n\n\n\n<div class=\"wp-block-cover has-background-dim\" style=\"min-height:260px\"><img loading=\"lazy\" width=\"2560\" height=\"1702\" class=\"wp-block-cover__image-background wp-image-131\" alt=\"\" src=\"http:\/\/advancecolombiaaci.com\/wp-content\/uploads\/2022\/01\/road-6774756-scaled.jpg\" data-object-fit=\"cover\" srcset=\"https:\/\/advancecolombiaaci.com\/wp-content\/uploads\/2022\/01\/road-6774756-scaled.jpg 2560w, https:\/\/advancecolombiaaci.com\/wp-content\/uploads\/2022\/01\/road-6774756-300x199.jpg 300w, https:\/\/advancecolombiaaci.com\/wp-content\/uploads\/2022\/01\/road-6774756-1024x681.jpg 1024w, https:\/\/advancecolombiaaci.com\/wp-content\/uploads\/2022\/01\/road-6774756-768x511.jpg 768w, https:\/\/advancecolombiaaci.com\/wp-content\/uploads\/2022\/01\/road-6774756-1536x1021.jpg 1536w, https:\/\/advancecolombiaaci.com\/wp-content\/uploads\/2022\/01\/road-6774756-2048x1362.jpg 2048w\" sizes=\"(max-width: 2560px) 100vw, 2560px\" \/><div class=\"wp-block-cover__inner-container\">\n<p class=\"has-text-align-center has-normal-font-size\"> <strong>Nuestros expertos nos permiten apoyar su proyecto en sus diferentes etapas y desarrollarlo garantizando el \u00e9xito y objetivo del mismo.<\/strong><\/p>\n\n\n\n<p class=\"has-text-align-center\"><strong><a href=\"http:\/\/advancecolombiaaci.com\/index.php\/servicios\/\" target=\"_blank\" rel=\"noreferrer noopener\">Ver m\u00e1s..<\/a>.<\/strong><\/p>\n<\/div><\/div>\n<\/div>\n\n\n\n<div class=\"wp-block-column\">\n<h3 class=\"alignwide has-text-align-center has-text-color\" style=\"color:#035272\">Consultor\u00eda<\/h3>\n\n\n\n<div class=\"wp-block-cover has-background-dim\" style=\"min-height:259px\"><img loading=\"lazy\" width=\"1895\" height=\"2560\" class=\"wp-block-cover__image-background wp-image-123\" alt=\"\" src=\"http:\/\/advancecolombiaaci.com\/wp-content\/uploads\/2022\/01\/construction-site-3255854-scaled.jpg\" data-object-fit=\"cover\" srcset=\"https:\/\/advancecolombiaaci.com\/wp-content\/uploads\/2022\/01\/construction-site-3255854-scaled.jpg 1895w, https:\/\/advancecolombiaaci.com\/wp-content\/uploads\/2022\/01\/construction-site-3255854-222x300.jpg 222w, https:\/\/advancecolombiaaci.com\/wp-content\/uploads\/2022\/01\/construction-site-3255854-758x1024.jpg 758w, https:\/\/advancecolombiaaci.com\/wp-content\/uploads\/2022\/01\/construction-site-3255854-768x1038.jpg 768w, https:\/\/advancecolombiaaci.com\/wp-content\/uploads\/2022\/01\/construction-site-3255854-1137x1536.jpg 1137w, https:\/\/advancecolombiaaci.com\/wp-content\/uploads\/2022\/01\/construction-site-3255854-1516x2048.jpg 1516w\" sizes=\"(max-width: 1895px) 100vw, 1895px\" \/><div class=\"wp-block-cover__inner-container\">\n<p class=\"has-text-align-center has-normal-font-size\"><strong>Intervenci\u00f3n apropiada permite continuar el desarrollo del proyecto sin alterar el rumbo y objetivo inicial.<\/strong><\/p>\n\n\n\n<p class=\"has-text-align-center\"><strong><a href=\"http:\/\/advancecolombiaaci.com\/index.php\/servicios\/\" target=\"_blank\" rel=\"noreferrer noopener\">Ver m\u00e1s&#8230;<\/a><\/strong><\/p>\n<\/div><\/div>\n<\/div>\n\n\n\n<div class=\"wp-block-column\">\n<h3 class=\"alignwide has-text-align-center has-text-color\" style=\"color:#035272\">Interventor\u00edas<\/h3>\n\n\n\n<div class=\"wp-block-cover has-background-dim\" style=\"min-height:258px\"><img loading=\"lazy\" width=\"2560\" height=\"1707\" class=\"wp-block-cover__image-background wp-image-101\" alt=\"\" src=\"http:\/\/advancecolombiaaci.com\/wp-content\/uploads\/2021\/11\/crop-2229-scaled.jpg\" data-object-fit=\"cover\" srcset=\"https:\/\/advancecolombiaaci.com\/wp-content\/uploads\/2021\/11\/crop-2229-scaled.jpg 2560w, https:\/\/advancecolombiaaci.com\/wp-content\/uploads\/2021\/11\/crop-2229-300x200.jpg 300w, https:\/\/advancecolombiaaci.com\/wp-content\/uploads\/2021\/11\/crop-2229-1024x683.jpg 1024w, https:\/\/advancecolombiaaci.com\/wp-content\/uploads\/2021\/11\/crop-2229-768x512.jpg 768w, https:\/\/advancecolombiaaci.com\/wp-content\/uploads\/2021\/11\/crop-2229-1536x1024.jpg 1536w, https:\/\/advancecolombiaaci.com\/wp-content\/uploads\/2021\/11\/crop-2229-2048x1365.jpg 2048w\" sizes=\"(max-width: 2560px) 100vw, 2560px\" \/><div class=\"wp-block-cover__inner-container\">\n<p class=\"has-text-align-center has-normal-font-size\"><strong>Garantizamos el cumplimiento de los objetivos planteados ante los entes de control y de inversi\u00f3n p\u00fablica y privada.<\/strong><\/p>\n\n\n\n<p class=\"has-text-align-center\"><strong><a href=\"http:\/\/advancecolombiaaci.com\/index.php\/servicios\/\" target=\"_blank\" rel=\"noreferrer noopener\">Ver m\u00e1s&#8230;<\/a><\/strong><\/p>\n<\/div><\/div>\n\n\n\n<p><\/p>\n<\/div>\n<\/div>\n\n\n\n<div style=\"height:56px\" aria-hidden=\"true\" class=\"wp-block-spacer\"><\/div>\n\n\n\n<div class=\"wp-block-columns\">\n<div class=\"wp-block-column\">\n<h2 class=\"has-text-align-center has-text-color\" style=\"color:#035272\">Nuestra Experiencia<\/h2>\n\n\n\n<p class=\"has-medium-font-size\">Brevemente mencionaremos algunos de los proyectos en los cuales nuestro equipo de expertos ha participado.<\/p>\n\n\n\n<div class=\"wp-block-cover has-background-dim\" style=\"min-height:197px\"><img loading=\"lazy\" width=\"2560\" height=\"1707\" class=\"wp-block-cover__image-background wp-image-125\" alt=\"\" src=\"http:\/\/advancecolombiaaci.com\/wp-content\/uploads\/2022\/01\/girls-4232029-scaled.jpg\" style=\"object-position:49% 36%\" data-object-fit=\"cover\" data-object-position=\"49% 36%\" srcset=\"https:\/\/advancecolombiaaci.com\/wp-content\/uploads\/2022\/01\/girls-4232029-scaled.jpg 2560w, https:\/\/advancecolombiaaci.com\/wp-content\/uploads\/2022\/01\/girls-4232029-300x200.jpg 300w, https:\/\/advancecolombiaaci.com\/wp-content\/uploads\/2022\/01\/girls-4232029-1024x683.jpg 1024w, https:\/\/advancecolombiaaci.com\/wp-content\/uploads\/2022\/01\/girls-4232029-768x512.jpg 768w, https:\/\/advancecolombiaaci.com\/wp-content\/uploads\/2022\/01\/girls-4232029-1536x1024.jpg 1536w, https:\/\/advancecolombiaaci.com\/wp-content\/uploads\/2022\/01\/girls-4232029-2048x1365.jpg 2048w\" sizes=\"(max-width: 2560px) 100vw, 2560px\" \/><div class=\"wp-block-cover__inner-container\">\n<p class=\"has-text-align-center has-large-font-size\">Banco Mundial, objetivo de beneficiar 250.000 j\u00f3venes estratos 1-2-3 en Educaci\u00f3n Superior; 35.000 beneficiarios del programa Ser Pilo Paga<\/p>\n<\/div><\/div>\n\n\n\n<hr class=\"wp-block-separator alignwide is-style-wide\"\/>\n\n\n\n<div class=\"wp-block-cover has-background-dim\" style=\"min-height:147px\"><img loading=\"lazy\" width=\"2560\" height=\"835\" class=\"wp-block-cover__image-background wp-image-118\" alt=\"\" src=\"http:\/\/advancecolombiaaci.com\/wp-content\/uploads\/2022\/01\/bulldozer-410119-scaled.jpg\" data-object-fit=\"cover\" srcset=\"https:\/\/advancecolombiaaci.com\/wp-content\/uploads\/2022\/01\/bulldozer-410119-scaled.jpg 2560w, https:\/\/advancecolombiaaci.com\/wp-content\/uploads\/2022\/01\/bulldozer-410119-300x98.jpg 300w, https:\/\/advancecolombiaaci.com\/wp-content\/uploads\/2022\/01\/bulldozer-410119-1024x334.jpg 1024w, https:\/\/advancecolombiaaci.com\/wp-content\/uploads\/2022\/01\/bulldozer-410119-768x250.jpg 768w, https:\/\/advancecolombiaaci.com\/wp-content\/uploads\/2022\/01\/bulldozer-410119-1536x501.jpg 1536w, https:\/\/advancecolombiaaci.com\/wp-content\/uploads\/2022\/01\/bulldozer-410119-2048x668.jpg 2048w\" sizes=\"(max-width: 2560px) 100vw, 2560px\" \/><div class=\"wp-block-cover__inner-container\">\n<p class=\"has-text-align-center has-large-font-size\">Campamentos de Paz, ONU\/DAPRE<\/p>\n<\/div><\/div>\n\n\n\n<hr class=\"wp-block-separator alignwide is-style-wide\"\/>\n\n\n\n<div class=\"wp-block-cover has-background-dim\" style=\"min-height:90px\"><img loading=\"lazy\" width=\"2560\" height=\"1707\" class=\"wp-block-cover__image-background wp-image-117\" alt=\"\" src=\"http:\/\/advancecolombiaaci.com\/wp-content\/uploads\/2022\/01\/arches-1866598Union-scaled.jpg\" data-object-fit=\"cover\" srcset=\"https:\/\/advancecolombiaaci.com\/wp-content\/uploads\/2022\/01\/arches-1866598Union-scaled.jpg 2560w, https:\/\/advancecolombiaaci.com\/wp-content\/uploads\/2022\/01\/arches-1866598Union-300x200.jpg 300w, https:\/\/advancecolombiaaci.com\/wp-content\/uploads\/2022\/01\/arches-1866598Union-1024x683.jpg 1024w, https:\/\/advancecolombiaaci.com\/wp-content\/uploads\/2022\/01\/arches-1866598Union-768x512.jpg 768w, https:\/\/advancecolombiaaci.com\/wp-content\/uploads\/2022\/01\/arches-1866598Union-1536x1024.jpg 1536w, https:\/\/advancecolombiaaci.com\/wp-content\/uploads\/2022\/01\/arches-1866598Union-2048x1365.jpg 2048w\" sizes=\"(max-width: 2560px) 100vw, 2560px\" \/><div class=\"wp-block-cover__inner-container\">\n<p class=\"has-text-align-center has-large-font-size\">V\u00edas 4G: Concesi\u00f3n Urab\u00e1 y Odinsa<\/p>\n<\/div><\/div>\n\n\n\n<hr class=\"wp-block-separator alignwide is-style-wide\"\/>\n\n\n\n<div class=\"wp-block-cover has-background-dim\" style=\"min-height:157px\"><img loading=\"lazy\" width=\"2560\" height=\"1707\" class=\"wp-block-cover__image-background wp-image-121\" alt=\"\" src=\"http:\/\/advancecolombiaaci.com\/wp-content\/uploads\/2022\/01\/colombia-4906884-scaled.jpg\" data-object-fit=\"cover\" srcset=\"https:\/\/advancecolombiaaci.com\/wp-content\/uploads\/2022\/01\/colombia-4906884-scaled.jpg 2560w, https:\/\/advancecolombiaaci.com\/wp-content\/uploads\/2022\/01\/colombia-4906884-300x200.jpg 300w, https:\/\/advancecolombiaaci.com\/wp-content\/uploads\/2022\/01\/colombia-4906884-1024x683.jpg 1024w, https:\/\/advancecolombiaaci.com\/wp-content\/uploads\/2022\/01\/colombia-4906884-768x512.jpg 768w, https:\/\/advancecolombiaaci.com\/wp-content\/uploads\/2022\/01\/colombia-4906884-1536x1024.jpg 1536w, https:\/\/advancecolombiaaci.com\/wp-content\/uploads\/2022\/01\/colombia-4906884-2048x1365.jpg 2048w\" sizes=\"(max-width: 2560px) 100vw, 2560px\" \/><div class=\"wp-block-cover__inner-container\">\n<p class=\"has-text-align-center has-large-font-size\">Convenios interadministrativos para el desarrollo de zonas extractivas<\/p>\n<\/div><\/div>\n\n\n\n<hr class=\"wp-block-separator is-style-wide\"\/>\n\n\n\n<h2 class=\"has-text-align-center has-text-color\" style=\"color:#035272\">Cont\u00e1ctanos<\/h2>\n<\/div>\n<\/div>\n\n\n<div class=\"wpforms-container wpforms-container-full\" id=\"wpforms-196\"><form id=\"wpforms-form-196\" class=\"wpforms-validate wpforms-form wpforms-ajax-form\" data-formid=\"196\" method=\"post\" enctype=\"multipart\/form-data\" action=\"\/index.php\/wp-json\/wp\/v2\/pages\/12\" data-token=\"22c6456a2eb851a65508022da2d4f0a1\"><div class=\"wpforms-head-container\"><\/div><noscript class=\"wpforms-error-noscript\">Please enable JavaScript in your browser to complete this form.<\/noscript><div class=\"wpforms-field-container\"><div id=\"wpforms-196-field_0-container\" class=\"wpforms-field wpforms-field-name\" data-field-id=\"0\"><label class=\"wpforms-field-label\" for=\"wpforms-196-field_0\">Datos <span class=\"wpforms-required-label\">*<\/span><\/label><div class=\"wpforms-field-row wpforms-field-medium\"><div class=\"wpforms-field-row-block wpforms-first wpforms-one-half\"><input type=\"text\" id=\"wpforms-196-field_0\" class=\"wpforms-field-name-first wpforms-field-required\" name=\"wpforms[fields][0][first]\" required><label for=\"wpforms-196-field_0\" class=\"wpforms-field-sublabel after \">First<\/label><\/div><div class=\"wpforms-field-row-block wpforms-one-half\"><input type=\"text\" id=\"wpforms-196-field_0-last\" class=\"wpforms-field-name-last wpforms-field-required\" name=\"wpforms[fields][0][last]\" required><label for=\"wpforms-196-field_0-last\" class=\"wpforms-field-sublabel after \">Last<\/label><\/div><\/div><\/div><div id=\"wpforms-196-field_4-container\" class=\"wpforms-field wpforms-field-text\" data-field-id=\"4\"><label class=\"wpforms-field-label\" for=\"wpforms-196-field_4\">Empresa<\/label><input type=\"text\" id=\"wpforms-196-field_4\" class=\"wpforms-field-medium\" name=\"wpforms[fields][4]\" ><\/div><div id=\"wpforms-196-field_1-container\" class=\"wpforms-field wpforms-field-email\" data-field-id=\"1\"><label class=\"wpforms-field-label\" for=\"wpforms-196-field_1\">Email <span class=\"wpforms-required-label\">*<\/span><\/label><input type=\"email\" id=\"wpforms-196-field_1\" class=\"wpforms-field-medium wpforms-field-required\" name=\"wpforms[fields][1]\" required><\/div><div id=\"wpforms-196-field_2-container\" class=\"wpforms-field wpforms-field-textarea\" data-field-id=\"2\"><label class=\"wpforms-field-label\" for=\"wpforms-196-field_2\">Comment or Message <span class=\"wpforms-required-label\">*<\/span><\/label><textarea id=\"wpforms-196-field_2\" class=\"wpforms-field-medium wpforms-field-required\" name=\"wpforms[fields][2]\" required><\/textarea><\/div><\/div><div class=\"wpforms-submit-container\"><input type=\"hidden\" name=\"wpforms[id]\" value=\"196\"><input type=\"hidden\" name=\"wpforms[author]\" value=\"1\"><button type=\"submit\" name=\"wpforms[submit]\" id=\"wpforms-submit-196\" class=\"wpforms-submit\" data-alt-text=\"Sending...\" data-submit-text=\"Submit\" aria-live=\"assertive\" value=\"wpforms-submit\">Submit<\/button><img src=\"https:\/\/advancecolombiaaci.com\/wp-content\/plugins\/wpforms-lite\/assets\/images\/submit-spin.svg\" class=\"wpforms-submit-spinner\" style=\"display: none;\" width=\"26\" height=\"26\" alt=\"\"><\/div><\/form><\/div>  <!-- .wpforms-container -->\n\n\n<div class=\"wp-block-columns\">\n<div class=\"wp-block-column\">\n<h3>Cont\u00e1ctanos<\/h3>\n\n\n\n<p class=\"has-text-color\" style=\"color:#035272\">Tel: +57 636 88 66<\/p>\n\n\n\n<p class=\"has-text-color\" style=\"color:#035272\">contacto@advancecolombiaaci.com<\/p>\n\n\n\n<p class=\"has-text-color\" style=\"color:#035272\">Cra 22a # 85a-41 Bogot\u00e1, Colombia<\/p>\n<\/div>\n\n\n\n<div class=\"wp-block-column\">\n<h3>Nuestros Servicios<\/h3>\n\n\n\n<p><a href=\"http:\/\/advancecolombiaaci.com\/index.php\/servicios\/\" target=\"_blank\" rel=\"noreferrer noopener\">Asesor\u00eda &amp; Consultor\u00eda<\/a><\/p>\n\n\n\n<p><a href=\"http:\/\/advancecolombiaaci.com\/index.php\/servicios\/\" target=\"_blank\" rel=\"noreferrer noopener\">Formulaci\u00f3n de Proyectos<\/a><\/p>\n\n\n\n<p><a href=\"http:\/\/advancecolombiaaci.com\/index.php\/servicios\/\" target=\"_blank\" rel=\"noreferrer noopener\">Obras de Ing. Civil &amp; Arquitect\u00f3nicas<\/a><\/p>\n\n\n\n<p><a href=\"http:\/\/advancecolombiaaci.com\/index.php\/servicios\/\" target=\"_blank\" rel=\"noreferrer noopener\">Gerencia de Proyectos<\/a><\/p>\n<\/div>\n\n\n\n<div class=\"wp-block-column\">\n<h3>Aliados<\/h3>\n\n\n\n<p class=\"has-text-color\" style=\"color:#035272\"><a rel=\"noreferrer noopener\" href=\"http:\/\/www.solucionit.co\/portal\/\" target=\"_blank\">Soluci\u00f3n IT SAS<\/a><\/p>\n\n\n\n<p><a href=\"http:\/\/transandinaing.com\/portal\/\" target=\"_blank\" rel=\"noreferrer noopener\">Transandina ING SAS<\/a><\/p>\n\n\n\n<p class=\"has-text-color\" style=\"color:#035272\"><a rel=\"noreferrer noopener\" href=\"https:\/\/aventtus.com\/\" target=\"_blank\">AVENTTUS<\/a><\/p>\n<\/div>\n<\/div>\n\n\n\n<p><\/p>\n","protected":false},"excerpt":{"rendered":"<p>Asesor\u00eda Especializada Consultor\u00eda Interventor\u00edas Nuestra Experiencia Brevemente mencionaremos algunos de los proyectos [&hellip;]<\/p>\n","protected":false},"author":1,"featured_media":0,"parent":0,"menu_order":0,"comment_status":"closed","ping_status":"closed","template":"page-templates\/page_front-page.php","meta":[],"_links":{"self":[{"href":"https:\/\/advancecolombiaaci.com\/index.php\/wp-json\/wp\/v2\/pages\/12"}],"collection":[{"href":"https:\/\/advancecolombiaaci.com\/index.php\/wp-json\/wp\/v2\/pages"}],"about":[{"href":"https:\/\/advancecolombiaaci.com\/index.php\/wp-json\/wp\/v2\/types\/page"}],"author":[{"embeddable":true,"href":"https:\/\/advancecolombiaaci.com\/index.php\/wp-json\/wp\/v2\/users\/1"}],"replies":[{"embeddable":true,"href":"https:\/\/advancecolombiaaci.com\/index.php\/wp-json\/wp\/v2\/comments?post=12"}],"version-history":[{"count":21,"href":"https:\/\/advancecolombiaaci.com\/index.php\/wp-json\/wp\/v2\/pages\/12\/revisions"}],"predecessor-version":[{"id":275,"href":"https:\/\/advancecolombiaaci.com\/index.php\/wp-json\/wp\/v2\/pages\/12\/revisions\/275"}],"wp:attachment":[{"href":"https:\/\/advancecolombiaaci.com\/index.php\/wp-json\/wp\/v2\/media?parent=12"}],"curies":[{"name":"wp","href":"https:\/\/api.w.org\/{rel}","templated":true}]}}