{"id":92,"date":"2022-01-20T22:04:44","date_gmt":"2022-01-20T22:04:44","guid":{"rendered":"http:\/\/advancecolombiaaci.com\/?page_id=92"},"modified":"2022-02-15T17:17:43","modified_gmt":"2022-02-15T17:17:43","slug":"quienes-somos","status":"publish","type":"page","link":"https:\/\/advancecolombiaaci.com\/index.php\/quienes-somos\/","title":{"rendered":"Quienes Somos"},"content":{"rendered":"\n<div class=\"wp-block-columns\">\n<div class=\"wp-block-column\" style=\"flex-basis:33.33%\">\n<div class=\"wp-block-cover has-background-dim\" style=\"min-height:283px\"><img loading=\"lazy\" width=\"1900\" height=\"600\" class=\"wp-block-cover__image-background wp-image-175\" alt=\"\" src=\"http:\/\/advancecolombiaaci.com\/wp-content\/uploads\/2022\/01\/ethics-gdc990b440_19202.jpg\" style=\"object-position:48% 50%\" data-object-fit=\"cover\" data-object-position=\"48% 50%\" srcset=\"https:\/\/advancecolombiaaci.com\/wp-content\/uploads\/2022\/01\/ethics-gdc990b440_19202.jpg 1900w, https:\/\/advancecolombiaaci.com\/wp-content\/uploads\/2022\/01\/ethics-gdc990b440_19202-300x95.jpg 300w, https:\/\/advancecolombiaaci.com\/wp-content\/uploads\/2022\/01\/ethics-gdc990b440_19202-1024x323.jpg 1024w, https:\/\/advancecolombiaaci.com\/wp-content\/uploads\/2022\/01\/ethics-gdc990b440_19202-768x243.jpg 768w, https:\/\/advancecolombiaaci.com\/wp-content\/uploads\/2022\/01\/ethics-gdc990b440_19202-1536x485.jpg 1536w, https:\/\/advancecolombiaaci.com\/wp-content\/uploads\/2022\/01\/ethics-gdc990b440_19202-920x291.jpg 920w, https:\/\/advancecolombiaaci.com\/wp-content\/uploads\/2022\/01\/ethics-gdc990b440_19202-230x73.jpg 230w, https:\/\/advancecolombiaaci.com\/wp-content\/uploads\/2022\/01\/ethics-gdc990b440_19202-350x111.jpg 350w, https:\/\/advancecolombiaaci.com\/wp-content\/uploads\/2022\/01\/ethics-gdc990b440_19202-480x152.jpg 480w\" sizes=\"(max-width: 1900px) 100vw, 1900px\" \/><div class=\"wp-block-cover__inner-container\">\n<p class=\"has-text-align-center has-large-font-size\">Nuestra Empresa<\/p>\n<\/div><\/div>\n<\/div>\n\n\n\n<div class=\"wp-block-column\" style=\"flex-basis:66.66%\">\n<p class=\"has-white-background-color has-text-color has-background has-medium-font-size\" style=\"color:#035272\">Empresa de car\u00e1cter privado la cual enmarca sus operaciones en ejes de responsabilidad social, protecci\u00f3n medioambiental, calidad profesional y desarrollo econ\u00f3mico. Inici\u00f3 sus actividades en el a\u00f1o 2016 como resultado de la diversificaci\u00f3n del portafolio del Grupo Empresarial Soluci\u00f3n IT SAS, buscando proveer servicios de alta gerencia y desarrollo de proyectos en la econom\u00eda nacional e internacional.<\/p>\n<\/div>\n<\/div>\n\n\n\n<div class=\"wp-block-columns\">\n<div class=\"wp-block-column\" style=\"flex-basis:66.66%\">\n<h4 class=\"has-text-color\" style=\"color:#00689d\">Colaboradores<\/h4>\n\n\n\n<p class=\"has-text-align-right has-text-color has-medium-font-size\" style=\"color:#035272\">Nuestro staff de colaboradores y expertos nos permiten intervenir apropiadamente en los diferentes procesos y etapas de los proyectos de su organizaci\u00f3n garantizando su \u00e9xito.<\/p>\n<\/div>\n\n\n\n<div class=\"wp-block-column\" style=\"flex-basis:33.33%\">\n<div class=\"wp-block-cover has-background-dim\" style=\"min-height:276px\"><img loading=\"lazy\" width=\"1900\" height=\"594\" class=\"wp-block-cover__image-background wp-image-178\" alt=\"\" src=\"http:\/\/advancecolombiaaci.com\/wp-content\/uploads\/2022\/01\/teamwork-gfe5d6829e_1920.jpg\" data-object-fit=\"cover\" srcset=\"https:\/\/advancecolombiaaci.com\/wp-content\/uploads\/2022\/01\/teamwork-gfe5d6829e_1920.jpg 1900w, https:\/\/advancecolombiaaci.com\/wp-content\/uploads\/2022\/01\/teamwork-gfe5d6829e_1920-300x94.jpg 300w, https:\/\/advancecolombiaaci.com\/wp-content\/uploads\/2022\/01\/teamwork-gfe5d6829e_1920-1024x320.jpg 1024w, https:\/\/advancecolombiaaci.com\/wp-content\/uploads\/2022\/01\/teamwork-gfe5d6829e_1920-768x240.jpg 768w, https:\/\/advancecolombiaaci.com\/wp-content\/uploads\/2022\/01\/teamwork-gfe5d6829e_1920-1536x480.jpg 1536w, https:\/\/advancecolombiaaci.com\/wp-content\/uploads\/2022\/01\/teamwork-gfe5d6829e_1920-920x288.jpg 920w, https:\/\/advancecolombiaaci.com\/wp-content\/uploads\/2022\/01\/teamwork-gfe5d6829e_1920-230x72.jpg 230w, https:\/\/advancecolombiaaci.com\/wp-content\/uploads\/2022\/01\/teamwork-gfe5d6829e_1920-350x109.jpg 350w, https:\/\/advancecolombiaaci.com\/wp-content\/uploads\/2022\/01\/teamwork-gfe5d6829e_1920-480x150.jpg 480w\" sizes=\"(max-width: 1900px) 100vw, 1900px\" \/><div class=\"wp-block-cover__inner-container\">\n<p class=\"has-text-align-center has-large-font-size\">Alianzas y cooperaci\u00f3n<\/p>\n<\/div><\/div>\n<\/div>\n<\/div>\n\n\n\n<hr class=\"wp-block-separator has-text-color has-background is-style-wide\" style=\"background-color:#00689d;color:#00689d\"\/>\n\n\n\n<h2 class=\"has-text-align-center has-text-color\" style=\"color:#00689d\">Nuestro Equipo<\/h2>\n\n\n\n<div class=\"wp-block-columns\">\n<div class=\"wp-block-column\">\n<h4 class=\"has-text-align-center has-text-color\" style=\"color:#00689d\">Henry Abad\u00eda Monroy<\/h4>\n\n\n\n<p class=\"has-text-color has-medium-font-size\" style=\"color:#00689d\">Contador P\u00fablico de la Universidad Externado de Colombia, Esp. Gerencia de Impuestos y Auditor\u00eda de Gesti\u00f3n del CESA.<\/p>\n\n\n\n<p class=\"has-text-color has-medium-font-size\" style=\"color:#00689d\">28 a\u00f1os de experiencia en Auditoria&nbsp; en m\u00e1s de 76 compa\u00f1\u00edas&nbsp; de diferentes mercados nacionales e internacionales.<\/p>\n\n\n\n<p class=\"has-text-color has-medium-font-size\" style=\"color:#00689d\">25 a\u00f1os&nbsp; en los procesos de optimizaci\u00f3n fiscal, manejando recursos entre $5 a $60 millones de d\u00f3lares.<\/p>\n\n\n\n<p class=\"has-text-color has-medium-font-size\" style=\"color:#00689d\">Gestor de varias compa\u00f1\u00edas en el sector de servicios, comercializadoras, etc.<\/p>\n<\/div>\n\n\n\n<div class=\"wp-block-column\">\n<h4 class=\"has-text-align-center has-text-color\" style=\"color:#00689d\">Andr\u00e9s V\u00e1squez<\/h4>\n\n\n\n<p class=\"has-text-color has-medium-font-size\" style=\"color:#00689d\">Ing. De Sistemas Polit\u00e9cnico, Esp. Mercadeo, Finanzas y Mercado de Capitales del Rosario, MBA de la Universidad de Ana G. M\u00e9ndez de PR\/EEUU.<\/p>\n\n\n\n<p class=\"has-text-color has-medium-font-size\" style=\"color:#00689d\">Ex Presidente de ICETEX, VP Administrativo y RRHH de Banco Agrario, Gerente de Cr\u00e9dito de Bancolombia.<\/p>\n\n\n\n<p class=\"has-text-color has-medium-font-size\" style=\"color:#00689d\">Director Ejecutivo de la Universidad Ana G. M\u00e9ndez PR\/EEUU.<\/p>\n\n\n\n<p class=\"has-text-color has-medium-font-size\" style=\"color:#00689d\">L\u00edder en la Ejecuci\u00f3n de Proyectos Banco Mundial por USD$ 320 Millones.<\/p>\n<\/div>\n\n\n\n<div class=\"wp-block-column\">\n<h4 class=\"has-text-align-center has-text-color\" style=\"color:#00689d\">Esperanza Rojas<\/h4>\n\n\n\n<p class=\"has-text-color has-medium-font-size\" style=\"color:#00689d\">Administradora de empresas de la Universidad Jorge Tadeo Lozano.<\/p>\n\n\n\n<p class=\"has-text-color has-medium-font-size\" style=\"color:#00689d\">20 a\u00f1os&nbsp; de experiencia en procesos de constituci\u00f3n y&nbsp; asesoramiento en la generaci\u00f3n de nuevas compa\u00f1\u00edas, en mercados nacionales y procesos de asesoramiento en inversi\u00f3n extranjera en Colombia para las diferentes industrias como Infraestructura, miner\u00eda y de servicios.<\/p>\n\n\n\n<p class=\"has-text-color has-medium-font-size\" style=\"color:#00689d\">Coordinaci\u00f3n y capacitaci\u00f3n de procesos de Implementaci\u00f3n de Normas Internacionales de Informaci\u00f3n Financiera NIIF.<\/p>\n<\/div>\n<\/div>\n\n\n\n<div class=\"wp-block-columns\">\n<div class=\"wp-block-column\">\n<h4 class=\"has-text-align-center has-text-color\" style=\"color:#00689d\">Osman R. Rojas<\/h4>\n\n\n\n<p class=\"has-text-color has-medium-font-size\" style=\"color:#00689d\">Ing. Ambiental, Especialista en Geograf\u00eda y Ordenamiento Ambiental del Territorio, Universidad Central. Diplomado Internacional en Gesti\u00f3n de Riesgos Ambientales, Universidad Tadeo.<\/p>\n\n\n\n<p class=\"has-text-color has-medium-font-size\" style=\"color:#00689d\">Asesor independiente en procesos de licenciamiento ambiental, PMA, EIA, formulaci\u00f3n de proyectos con enfoques sociales, ambientales y de sostenibilidad, 15 a\u00f1os de experiencia en sectores de Oil &amp; Gas y productivos en roles de direcci\u00f3n.<\/p>\n\n\n\n<p><\/p>\n<\/div>\n\n\n\n<div class=\"wp-block-column\">\n<h4 class=\"has-text-align-center has-text-color\" style=\"color:#00689d\">Sandra P. Rojas<\/h4>\n\n\n\n<p class=\"has-text-color has-medium-font-size\" style=\"color:#00689d\">Contador P\u00fablico, Universidad Libre, Esp. en Finanzas Corporativas de la Sabana, Seminario IFRS UNAM, M\u00e9xico.<\/p>\n\n\n\n<p class=\"has-text-color has-medium-font-size\" style=\"color:#00689d\">L\u00edder de equipo Financiero y Contable del Proyecto Campamentos de Paz PNUD\/DAPRE por USD$30 Millones.<\/p>\n\n\n\n<p class=\"has-text-color has-medium-font-size\" style=\"color:#00689d\">19 a\u00f1os de experiencia en sector del servicios financieros en sectores de Oil &amp; Gas, miner\u00eda, agricultura entre otros, en cargos de Gerencia y Ejecutivos.<\/p>\n<\/div>\n<\/div>\n\n\n\n<div class=\"wp-block-columns\">\n<div class=\"wp-block-column\">\n<h2>Asesoramos sus Proyectos, cont\u00e1ctenos<\/h2>\n<\/div>\n<\/div>\n\n\n<div class=\"wpforms-container wpforms-container-full\" id=\"wpforms-196\"><form id=\"wpforms-form-196\" class=\"wpforms-validate wpforms-form wpforms-ajax-form\" data-formid=\"196\" method=\"post\" enctype=\"multipart\/form-data\" action=\"\/index.php\/wp-json\/wp\/v2\/pages\/92\" data-token=\"22c6456a2eb851a65508022da2d4f0a1\"><noscript class=\"wpforms-error-noscript\">Please enable JavaScript in your browser to complete this form.<\/noscript><div class=\"wpforms-field-container\"><div id=\"wpforms-196-field_0-container\" class=\"wpforms-field wpforms-field-name\" data-field-id=\"0\"><label class=\"wpforms-field-label\" for=\"wpforms-196-field_0\">Datos <span class=\"wpforms-required-label\">*<\/span><\/label><div class=\"wpforms-field-row wpforms-field-medium\"><div class=\"wpforms-field-row-block wpforms-first wpforms-one-half\"><input type=\"text\" id=\"wpforms-196-field_0\" class=\"wpforms-field-name-first wpforms-field-required\" name=\"wpforms[fields][0][first]\" required><label for=\"wpforms-196-field_0\" class=\"wpforms-field-sublabel after \">First<\/label><\/div><div class=\"wpforms-field-row-block wpforms-one-half\"><input type=\"text\" id=\"wpforms-196-field_0-last\" class=\"wpforms-field-name-last wpforms-field-required\" name=\"wpforms[fields][0][last]\" required><label for=\"wpforms-196-field_0-last\" class=\"wpforms-field-sublabel after \">Last<\/label><\/div><\/div><\/div><div id=\"wpforms-196-field_4-container\" class=\"wpforms-field wpforms-field-text\" data-field-id=\"4\"><label class=\"wpforms-field-label\" for=\"wpforms-196-field_4\">Empresa<\/label><input type=\"text\" id=\"wpforms-196-field_4\" class=\"wpforms-field-medium\" name=\"wpforms[fields][4]\" ><\/div><div id=\"wpforms-196-field_1-container\" class=\"wpforms-field wpforms-field-email\" data-field-id=\"1\"><label class=\"wpforms-field-label\" for=\"wpforms-196-field_1\">Email <span class=\"wpforms-required-label\">*<\/span><\/label><input type=\"email\" id=\"wpforms-196-field_1\" class=\"wpforms-field-medium wpforms-field-required\" name=\"wpforms[fields][1]\" required><\/div><div id=\"wpforms-196-field_2-container\" class=\"wpforms-field wpforms-field-textarea\" data-field-id=\"2\"><label class=\"wpforms-field-label\" for=\"wpforms-196-field_2\">Comment or Message <span class=\"wpforms-required-label\">*<\/span><\/label><textarea id=\"wpforms-196-field_2\" class=\"wpforms-field-medium wpforms-field-required\" name=\"wpforms[fields][2]\" required><\/textarea><\/div><\/div><div class=\"wpforms-submit-container\"><input type=\"hidden\" name=\"wpforms[id]\" value=\"196\"><input type=\"hidden\" name=\"wpforms[author]\" value=\"1\"><button type=\"submit\" name=\"wpforms[submit]\" id=\"wpforms-submit-196\" class=\"wpforms-submit\" data-alt-text=\"Sending...\" data-submit-text=\"Submit\" aria-live=\"assertive\" value=\"wpforms-submit\">Submit<\/button><img src=\"https:\/\/advancecolombiaaci.com\/wp-content\/plugins\/wpforms-lite\/assets\/images\/submit-spin.svg\" class=\"wpforms-submit-spinner\" style=\"display: none;\" width=\"26\" height=\"26\" alt=\"\"><\/div><\/form><\/div>  <!-- .wpforms-container -->","protected":false},"excerpt":{"rendered":"<p>Empresa de car\u00e1cter privado la cual enmarca sus operaciones en ejes de [&hellip;]<\/p>\n","protected":false},"author":1,"featured_media":0,"parent":0,"menu_order":0,"comment_status":"closed","ping_status":"closed","template":"page-templates\/page_front-page.php","meta":[],"_links":{"self":[{"href":"https:\/\/advancecolombiaaci.com\/index.php\/wp-json\/wp\/v2\/pages\/92"}],"collection":[{"href":"https:\/\/advancecolombiaaci.com\/index.php\/wp-json\/wp\/v2\/pages"}],"about":[{"href":"https:\/\/advancecolombiaaci.com\/index.php\/wp-json\/wp\/v2\/types\/page"}],"author":[{"embeddable":true,"href":"https:\/\/advancecolombiaaci.com\/index.php\/wp-json\/wp\/v2\/users\/1"}],"replies":[{"embeddable":true,"href":"https:\/\/advancecolombiaaci.com\/index.php\/wp-json\/wp\/v2\/comments?post=92"}],"version-history":[{"count":17,"href":"https:\/\/advancecolombiaaci.com\/index.php\/wp-json\/wp\/v2\/pages\/92\/revisions"}],"predecessor-version":[{"id":281,"href":"https:\/\/advancecolombiaaci.com\/index.php\/wp-json\/wp\/v2\/pages\/92\/revisions\/281"}],"wp:attachment":[{"href":"https:\/\/advancecolombiaaci.com\/index.php\/wp-json\/wp\/v2\/media?parent=92"}],"curies":[{"name":"wp","href":"https:\/\/api.w.org\/{rel}","templated":true}]}}