{"id":93,"date":"2022-01-20T22:04:44","date_gmt":"2022-01-20T22:04:44","guid":{"rendered":"http:\/\/advancecolombiaaci.com\/?page_id=93"},"modified":"2022-02-15T19:22:03","modified_gmt":"2022-02-15T19:22:03","slug":"servicios","status":"publish","type":"page","link":"https:\/\/advancecolombiaaci.com\/index.php\/servicios\/","title":{"rendered":"Servicios"},"content":{"rendered":"\n<h2 class=\"has-text-color\" style=\"color:#00689d\">Asesor\u00eda &amp; Consultor\u00eda<\/h2>\n\n\n\n<p class=\"has-medium-font-size\"><div class=\"su-spoiler su-spoiler-style-simple su-spoiler-icon-plus su-spoiler-closed\" data-scroll-offset=\"0\" data-anchor-in-url=\"no\"><div class=\"su-spoiler-title\" tabindex=\"0\" role=\"button\"><span class=\"su-spoiler-icon\"><\/span>Legal &amp; Normativa<\/div><div class=\"su-spoiler-content su-u-clearfix su-u-trim\">Asesoramos a su compa\u00f1\u00eda en el cumplimiento de las diferentes normas y aspectos legales aplicables a las actividades y operaciones de su empresa, as\u00ed como las relaciones con los diferentes actores de inter\u00e9s que participan en ellas (Sociales, Gubernamentales y Ambientales).<\/div><\/div>\n\n\n\n<p class=\"has-medium-font-size\"><div class=\"su-spoiler su-spoiler-style-simple su-spoiler-icon-plus su-spoiler-closed\" data-scroll-offset=\"0\" data-anchor-in-url=\"no\"><div class=\"su-spoiler-title\" tabindex=\"0\" role=\"button\"><span class=\"su-spoiler-icon\"><\/span>Gesti\u00f3n &amp; Estudios Ambientales<\/div><div class=\"su-spoiler-content su-u-clearfix su-u-trim\">Realizamos y Asesoramos sus estudios ambientales (EIA, PMA, GIR, Licenciamiento Ambiental, etc) enfocados a las necesidades espec\u00edficas de su compa\u00f1\u00eda o proyecto, enmarcados en los requerimientos normativos y entidades de control.<\/div><\/div>\n\n\n\n<h2 class=\"has-text-color\" style=\"color:#00689d\">Formulaci\u00f3n, Evaluaci\u00f3n y Estructuraci\u00f3n de Proyectos<\/h2>\n\n\n\n<p class=\"has-medium-font-size\"><div class=\"su-spoiler su-spoiler-style-fancy su-spoiler-icon-plus su-spoiler-closed\" data-scroll-offset=\"0\" data-anchor-in-url=\"no\"><div class=\"su-spoiler-title\" tabindex=\"0\" role=\"button\"><span class=\"su-spoiler-icon\"><\/span>Ver m\u00e1s...<\/div><div class=\"su-spoiler-content su-u-clearfix su-u-trim\">Guiamos a su compa\u00f1\u00eda en el camino hac\u00eda el desarrollo apropiado y exitoso de su proyecto, tomando el valor de los esfuerzos previos y aplicando la experticia y profesionalismo de nuestros colaboradores, permitiendo delinear con claridad las diferentes fases del proyecto.<\/div><\/div>\n\n\n\n<h2 class=\"has-text-color\" style=\"color:#00689d\">Obras de Ing. Civil y Arquitect\u00f3nicas<\/h2>\n\n\n\n<p class=\"has-medium-font-size\"><div class=\"su-spoiler su-spoiler-style-simple su-spoiler-icon-plus su-spoiler-closed\" data-scroll-offset=\"0\" data-anchor-in-url=\"no\"><div class=\"su-spoiler-title\" tabindex=\"0\" role=\"button\"><span class=\"su-spoiler-icon\"><\/span>Dise\u00f1o<\/div><div class=\"su-spoiler-content su-u-clearfix su-u-trim\">Realizamos el dise\u00f1o detallado de su proyecto (Estructural, Arquitect\u00f3nicos, Hidrosanitarios, El\u00e9ctricos, Urban\u00edsticos, Movilidad &amp; Accesos) con los m\u00e1s altos est\u00e1ndares de calidad en materiales y ejecuci\u00f3n.<\/div><\/div>\n\n\n\n<p class=\"has-medium-font-size\"><div class=\"su-spoiler su-spoiler-style-simple su-spoiler-icon-plus su-spoiler-closed\" data-scroll-offset=\"0\" data-anchor-in-url=\"no\"><div class=\"su-spoiler-title\" tabindex=\"0\" role=\"button\"><span class=\"su-spoiler-icon\"><\/span>Concreto y Dise\u00f1os Livianos<\/div><div class=\"su-spoiler-content su-u-clearfix su-u-trim\">Experiencia en la ejecuci\u00f3n de obras con la aplicaci\u00f3n de tecnolog\u00edas livianas optimizando los tiempos y costos as\u00ed como minimizando los desechos e impactos negativos en el \u00e1rea de influencia del proyecto.<\/div><\/div>\n\n\n\n<h2 class=\"has-text-color\" style=\"color:#00689d\">Gerencias de Proyectos<\/h2>\n\n\n\n<p class=\"has-medium-font-size\"><div class=\"su-spoiler su-spoiler-style-simple su-spoiler-icon-plus su-spoiler-closed\" data-scroll-offset=\"0\" data-anchor-in-url=\"no\"><div class=\"su-spoiler-title\" tabindex=\"0\" role=\"button\"><span class=\"su-spoiler-icon\"><\/span>Ejecuci\u00f3n<\/div><div class=\"su-spoiler-content su-u-clearfix su-u-trim\">Gerenciamos sus proyectos dando cumplimiento a los objetivos planteados en las diferentes fases propuestas, asegurando su ejecuci\u00f3n y permitiendo el seguimiento claro por parte de nuestros clientes.<\/div><\/div>\n","protected":false},"excerpt":{"rendered":"<p>Asesor\u00eda &amp; Consultor\u00eda Formulaci\u00f3n, Evaluaci\u00f3n y Estructuraci\u00f3n de Proyectos Obras de Ing. [&hellip;]<\/p>\n","protected":false},"author":1,"featured_media":0,"parent":0,"menu_order":0,"comment_status":"closed","ping_status":"closed","template":"","meta":[],"_links":{"self":[{"href":"https:\/\/advancecolombiaaci.com\/index.php\/wp-json\/wp\/v2\/pages\/93"}],"collection":[{"href":"https:\/\/advancecolombiaaci.com\/index.php\/wp-json\/wp\/v2\/pages"}],"about":[{"href":"https:\/\/advancecolombiaaci.com\/index.php\/wp-json\/wp\/v2\/types\/page"}],"author":[{"embeddable":true,"href":"https:\/\/advancecolombiaaci.com\/index.php\/wp-json\/wp\/v2\/users\/1"}],"replies":[{"embeddable":true,"href":"https:\/\/advancecolombiaaci.com\/index.php\/wp-json\/wp\/v2\/comments?post=93"}],"version-history":[{"count":11,"href":"https:\/\/advancecolombiaaci.com\/index.php\/wp-json\/wp\/v2\/pages\/93\/revisions"}],"predecessor-version":[{"id":267,"href":"https:\/\/advancecolombiaaci.com\/index.php\/wp-json\/wp\/v2\/pages\/93\/revisions\/267"}],"wp:attachment":[{"href":"https:\/\/advancecolombiaaci.com\/index.php\/wp-json\/wp\/v2\/media?parent=93"}],"curies":[{"name":"wp","href":"https:\/\/api.w.org\/{rel}","templated":true}]}}